
{"id":9831,"date":"2020-01-10T15:27:20","date_gmt":"2020-01-10T14:27:20","guid":{"rendered":"https:\/\/staging-shop.blooms.de\/?post_type=product&#038;p=9831"},"modified":"2022-09-12T15:32:35","modified_gmt":"2022-09-12T15:32:35","slug":"inspiring-floral-ideas-for-magnificent-bouquets","status":"publish","type":"product","link":"https:\/\/shop.blooms.de\/en\/product\/inspiring-floral-ideas-for-magnificent-bouquets\/","title":{"rendered":"Inspiring floral ideas for magnificent bouquets"},"content":{"rendered":"<p>&#8220;Inspiring floral ideas for magnificent bouquets&#8221; features in excess of 150 creative ideas for creating bouquets with flowers, twigs and leaves throughout the seasons and for any occasion, from spring bouquets to glorious tied summer and autumn arrangements arrangements, as well as winter and Christmas bouquets. The &#8220;Daily Business&#8221; series of books showcases the BLOOM&#8217;s studio team&#8217;s best ideas for ordinary daily business arrangements for professional florists, garden centres and nurseries that sell to the public. They are not only creative and designed to impress; it is also important that they can be realized using as few materials as possible, in larger numbers and save time. Numerous technique and creative tips as well as step by step instructions and ideas for variations.   <\/p>\n<p><iframe loading=\"lazy\" id=\"b2lembedFrame\" src=\"https:\/\/www.book2look.com\/embed\/lIGG3ZL4Nb&amp;euid=125273315&amp;ruid=0&amp;referurl=www.book2look.com&amp;refererpath=admin.book2look.com\" frameborder=\"0\" align=\"middle\" width=\"575\" height=\"448\"><\/iframe><\/p>\n","protected":false},"excerpt":{"rendered":"<p> 144 pages, format DIN A4, text german, Softcover ISBN: 978-3-96563-005-5<\/p>\n","protected":false},"featured_media":5091,"comment_status":"open","ping_status":"closed","template":"","meta":[],"product_brand":[],"product_cat":[399,402],"product_tag":[],"class_list":{"0":"post-9831","1":"product","2":"type-product","3":"status-publish","4":"has-post-thumbnail","6":"product_cat-blooms-books","7":"product_cat-florist-professional-books","9":"first","10":"instock","11":"taxable","12":"shipping-taxable","13":"purchasable","14":"product-type-simple"},"yoast_head":"<!-- This site is optimized with the Yoast SEO plugin v26.9 - https:\/\/yoast.com\/product\/yoast-seo-wordpress\/ -->\n<title>Florale Inspiration f\u00fcr bl\u00fctenreiche Str\u00e4u\u00dfe<\/title>\n<meta name=\"robots\" content=\"index, follow, max-snippet:-1, max-image-preview:large, max-video-preview:-1\" \/>\n<link rel=\"canonical\" href=\"https:\/\/shop.blooms.de\/en\/product\/inspiring-floral-ideas-for-magnificent-bouquets\/\" \/>\n<meta property=\"og:locale\" content=\"en_US\" \/>\n<meta property=\"og:type\" content=\"article\" \/>\n<meta property=\"og:title\" content=\"Florale Inspiration f\u00fcr bl\u00fctenreiche Str\u00e4u\u00dfe\" \/>\n<meta property=\"og:description\" content=\"144 pages, format DIN A4, text german, Softcover ISBN: 978-3-96563-005-5\" \/>\n<meta property=\"og:url\" content=\"https:\/\/shop.blooms.de\/en\/product\/inspiring-floral-ideas-for-magnificent-bouquets\/\" \/>\n<meta property=\"og:site_name\" content=\"BLOOM&#039;s Webshop\" \/>\n<meta property=\"article:modified_time\" content=\"2022-09-12T15:32:35+00:00\" \/>\n<meta property=\"og:image\" content=\"https:\/\/shop.blooms.de\/app\/uploads\/2022\/08\/pf-b-20206.jpg\" \/>\n\t<meta property=\"og:image:width\" content=\"1000\" \/>\n\t<meta property=\"og:image:height\" content=\"1404\" \/>\n\t<meta property=\"og:image:type\" content=\"image\/jpeg\" \/>\n<meta name=\"twitter:card\" content=\"summary_large_image\" \/>\n<meta name=\"twitter:label1\" content=\"Est. reading time\" \/>\n\t<meta name=\"twitter:data1\" content=\"1 minute\" \/>\n<script type=\"application\/ld+json\" class=\"yoast-schema-graph\">{\"@context\":\"https:\/\/schema.org\",\"@graph\":[{\"@type\":\"WebPage\",\"@id\":\"https:\/\/shop.blooms.de\/en\/product\/inspiring-floral-ideas-for-magnificent-bouquets\/\",\"url\":\"https:\/\/shop.blooms.de\/en\/product\/inspiring-floral-ideas-for-magnificent-bouquets\/\",\"name\":\"Florale Inspiration f\u00fcr bl\u00fctenreiche Str\u00e4u\u00dfe\",\"isPartOf\":{\"@id\":\"https:\/\/shop.blooms.de\/#website\"},\"primaryImageOfPage\":{\"@id\":\"https:\/\/shop.blooms.de\/en\/product\/inspiring-floral-ideas-for-magnificent-bouquets\/#primaryimage\"},\"image\":{\"@id\":\"https:\/\/shop.blooms.de\/en\/product\/inspiring-floral-ideas-for-magnificent-bouquets\/#primaryimage\"},\"thumbnailUrl\":\"https:\/\/shop.blooms.de\/app\/uploads\/2022\/08\/pf-b-20206.jpg\",\"datePublished\":\"2020-01-10T14:27:20+00:00\",\"dateModified\":\"2022-09-12T15:32:35+00:00\",\"breadcrumb\":{\"@id\":\"https:\/\/shop.blooms.de\/en\/product\/inspiring-floral-ideas-for-magnificent-bouquets\/#breadcrumb\"},\"inLanguage\":\"en-US\",\"potentialAction\":[{\"@type\":\"ReadAction\",\"target\":[\"https:\/\/shop.blooms.de\/en\/product\/inspiring-floral-ideas-for-magnificent-bouquets\/\"]}]},{\"@type\":\"ImageObject\",\"inLanguage\":\"en-US\",\"@id\":\"https:\/\/shop.blooms.de\/en\/product\/inspiring-floral-ideas-for-magnificent-bouquets\/#primaryimage\",\"url\":\"https:\/\/shop.blooms.de\/app\/uploads\/2022\/08\/pf-b-20206.jpg\",\"contentUrl\":\"https:\/\/shop.blooms.de\/app\/uploads\/2022\/08\/pf-b-20206.jpg\",\"width\":1000,\"height\":1404},{\"@type\":\"BreadcrumbList\",\"@id\":\"https:\/\/shop.blooms.de\/en\/product\/inspiring-floral-ideas-for-magnificent-bouquets\/#breadcrumb\",\"itemListElement\":[{\"@type\":\"ListItem\",\"position\":1,\"name\":\"Home\",\"item\":\"https:\/\/shop.blooms.de\/en\/\"},{\"@type\":\"ListItem\",\"position\":2,\"name\":\"Shop\",\"item\":\"https:\/\/shop.blooms.de\/en\/shop\/\"},{\"@type\":\"ListItem\",\"position\":3,\"name\":\"Inspiring floral ideas for magnificent bouquets\"}]},{\"@type\":\"WebSite\",\"@id\":\"https:\/\/shop.blooms.de\/#website\",\"url\":\"https:\/\/shop.blooms.de\/\",\"name\":\"BLOOM&#039;s Webshop\",\"description\":\"Just another WordPress site\",\"potentialAction\":[{\"@type\":\"SearchAction\",\"target\":{\"@type\":\"EntryPoint\",\"urlTemplate\":\"https:\/\/shop.blooms.de\/?s={search_term_string}\"},\"query-input\":{\"@type\":\"PropertyValueSpecification\",\"valueRequired\":true,\"valueName\":\"search_term_string\"}}],\"inLanguage\":\"en-US\"}]}<\/script>\n<!-- \/ Yoast SEO plugin. -->","yoast_head_json":{"title":"Florale Inspiration f\u00fcr bl\u00fctenreiche Str\u00e4u\u00dfe","robots":{"index":"index","follow":"follow","max-snippet":"max-snippet:-1","max-image-preview":"max-image-preview:large","max-video-preview":"max-video-preview:-1"},"canonical":"https:\/\/shop.blooms.de\/en\/product\/inspiring-floral-ideas-for-magnificent-bouquets\/","og_locale":"en_US","og_type":"article","og_title":"Florale Inspiration f\u00fcr bl\u00fctenreiche Str\u00e4u\u00dfe","og_description":"144 pages, format DIN A4, text german, Softcover ISBN: 978-3-96563-005-5","og_url":"https:\/\/shop.blooms.de\/en\/product\/inspiring-floral-ideas-for-magnificent-bouquets\/","og_site_name":"BLOOM&#039;s Webshop","article_modified_time":"2022-09-12T15:32:35+00:00","og_image":[{"width":1000,"height":1404,"url":"https:\/\/shop.blooms.de\/app\/uploads\/2022\/08\/pf-b-20206.jpg","type":"image\/jpeg"}],"twitter_card":"summary_large_image","twitter_misc":{"Est. reading time":"1 minute"},"schema":{"@context":"https:\/\/schema.org","@graph":[{"@type":"WebPage","@id":"https:\/\/shop.blooms.de\/en\/product\/inspiring-floral-ideas-for-magnificent-bouquets\/","url":"https:\/\/shop.blooms.de\/en\/product\/inspiring-floral-ideas-for-magnificent-bouquets\/","name":"Florale Inspiration f\u00fcr bl\u00fctenreiche Str\u00e4u\u00dfe","isPartOf":{"@id":"https:\/\/shop.blooms.de\/#website"},"primaryImageOfPage":{"@id":"https:\/\/shop.blooms.de\/en\/product\/inspiring-floral-ideas-for-magnificent-bouquets\/#primaryimage"},"image":{"@id":"https:\/\/shop.blooms.de\/en\/product\/inspiring-floral-ideas-for-magnificent-bouquets\/#primaryimage"},"thumbnailUrl":"https:\/\/shop.blooms.de\/app\/uploads\/2022\/08\/pf-b-20206.jpg","datePublished":"2020-01-10T14:27:20+00:00","dateModified":"2022-09-12T15:32:35+00:00","breadcrumb":{"@id":"https:\/\/shop.blooms.de\/en\/product\/inspiring-floral-ideas-for-magnificent-bouquets\/#breadcrumb"},"inLanguage":"en-US","potentialAction":[{"@type":"ReadAction","target":["https:\/\/shop.blooms.de\/en\/product\/inspiring-floral-ideas-for-magnificent-bouquets\/"]}]},{"@type":"ImageObject","inLanguage":"en-US","@id":"https:\/\/shop.blooms.de\/en\/product\/inspiring-floral-ideas-for-magnificent-bouquets\/#primaryimage","url":"https:\/\/shop.blooms.de\/app\/uploads\/2022\/08\/pf-b-20206.jpg","contentUrl":"https:\/\/shop.blooms.de\/app\/uploads\/2022\/08\/pf-b-20206.jpg","width":1000,"height":1404},{"@type":"BreadcrumbList","@id":"https:\/\/shop.blooms.de\/en\/product\/inspiring-floral-ideas-for-magnificent-bouquets\/#breadcrumb","itemListElement":[{"@type":"ListItem","position":1,"name":"Home","item":"https:\/\/shop.blooms.de\/en\/"},{"@type":"ListItem","position":2,"name":"Shop","item":"https:\/\/shop.blooms.de\/en\/shop\/"},{"@type":"ListItem","position":3,"name":"Inspiring floral ideas for magnificent bouquets"}]},{"@type":"WebSite","@id":"https:\/\/shop.blooms.de\/#website","url":"https:\/\/shop.blooms.de\/","name":"BLOOM&#039;s Webshop","description":"Just another WordPress site","potentialAction":[{"@type":"SearchAction","target":{"@type":"EntryPoint","urlTemplate":"https:\/\/shop.blooms.de\/?s={search_term_string}"},"query-input":{"@type":"PropertyValueSpecification","valueRequired":true,"valueName":"search_term_string"}}],"inLanguage":"en-US"}]}},"_links":{"self":[{"href":"https:\/\/shop.blooms.de\/en\/wp-json\/wp\/v2\/product\/9831","targetHints":{"allow":["GET"]}}],"collection":[{"href":"https:\/\/shop.blooms.de\/en\/wp-json\/wp\/v2\/product"}],"about":[{"href":"https:\/\/shop.blooms.de\/en\/wp-json\/wp\/v2\/types\/product"}],"replies":[{"embeddable":true,"href":"https:\/\/shop.blooms.de\/en\/wp-json\/wp\/v2\/comments?post=9831"}],"wp:featuredmedia":[{"embeddable":true,"href":"https:\/\/shop.blooms.de\/en\/wp-json\/wp\/v2\/media\/5091"}],"wp:attachment":[{"href":"https:\/\/shop.blooms.de\/en\/wp-json\/wp\/v2\/media?parent=9831"}],"wp:term":[{"taxonomy":"product_brand","embeddable":true,"href":"https:\/\/shop.blooms.de\/en\/wp-json\/wp\/v2\/product_brand?post=9831"},{"taxonomy":"product_cat","embeddable":true,"href":"https:\/\/shop.blooms.de\/en\/wp-json\/wp\/v2\/product_cat?post=9831"},{"taxonomy":"product_tag","embeddable":true,"href":"https:\/\/shop.blooms.de\/en\/wp-json\/wp\/v2\/product_tag?post=9831"}],"curies":[{"name":"wp","href":"https:\/\/api.w.org\/{rel}","templated":true}]}}