
{"id":9761,"date":"2015-03-01T15:26:49","date_gmt":"2015-03-01T14:26:49","guid":{"rendered":"https:\/\/staging-shop.blooms.de\/product\/feste-und-gaste\/"},"modified":"2024-12-10T09:07:26","modified_gmt":"2024-12-10T08:07:26","slug":"feste-und-gaste","status":"publish","type":"product","link":"https:\/\/shop.blooms.de\/en\/product\/feste-und-gaste\/","title":{"rendered":"Feste und G\u00e4ste"},"content":{"rendered":"<p>Zu bestimmten Anl\u00e4ssen oder aber einfach zwischendurch: Es gibt immer einen Grund zum Feiern. In diesem Buch finden Sie Ideen f\u00fcr originelle und selbst gemachte Tischdekorationen und Accessoires f\u00fcr unterschiedliche Feste. Mit tollen Inspirationen und den besten Tischdekoideen aus dem Magazin BLOOM\u2019s DECO.<\/p>\n<p><iframe loading=\"lazy\" id=\"b2lembedFrame\" src=\"https:\/\/www.book2look.com\/embed\/gftZkmmUOP&amp;euid=95459910&amp;ruid=95459703&amp;refererpath=www.blooms.de\" width=\"575\" height=\"448\" frameborder=\"0\" align=\"middle\"><\/iframe><\/p>\n","protected":false},"excerpt":{"rendered":"<p>Zu bestimmten Anl\u00e4ssen oder aber einfach zwischendurch: Es gibt immer einen Grund zum Feiern. In diesem Buch finden Sie Ideen f\u00fcr originelle und selbst gemachte Tischdekorationen und Accessoires f\u00fcr unterschiedliche Feste. Mit tollen Inspirationen und den besten Tischdekoideen aus dem Magazin BLOOM\u2019s DECO.<\/p>\n","protected":false},"featured_media":10362,"comment_status":"open","ping_status":"closed","template":"","meta":[],"product_brand":[],"product_cat":[399,401],"product_tag":[],"class_list":{"0":"post-9761","1":"product","2":"type-product","3":"status-publish","4":"has-post-thumbnail","6":"product_cat-blooms-books","7":"product_cat-deco-books","9":"first","10":"instock","11":"taxable","12":"shipping-taxable","13":"purchasable","14":"product-type-simple"},"yoast_head":"<!-- This site is optimized with the Yoast SEO plugin v26.9 - https:\/\/yoast.com\/product\/yoast-seo-wordpress\/ -->\n<title>Feste und G\u00e4ste<\/title>\n<meta name=\"robots\" content=\"index, follow, max-snippet:-1, max-image-preview:large, max-video-preview:-1\" \/>\n<link rel=\"canonical\" href=\"https:\/\/shop.blooms.de\/en\/product\/feste-und-gaste\/\" \/>\n<meta property=\"og:locale\" content=\"en_US\" \/>\n<meta property=\"og:type\" content=\"article\" \/>\n<meta property=\"og:title\" content=\"Feste und G\u00e4ste\" \/>\n<meta property=\"og:description\" content=\"Zu bestimmten Anl\u00e4ssen oder aber einfach zwischendurch: Es gibt immer einen Grund zum Feiern. In diesem Buch finden Sie Ideen f\u00fcr originelle und selbst gemachte Tischdekorationen und Accessoires f\u00fcr unterschiedliche Feste. Mit tollen Inspirationen und den besten Tischdekoideen aus dem Magazin BLOOM\u2019s DECO.\" \/>\n<meta property=\"og:url\" content=\"https:\/\/shop.blooms.de\/en\/product\/feste-und-gaste\/\" \/>\n<meta property=\"og:site_name\" content=\"BLOOM&#039;s Webshop\" \/>\n<meta property=\"article:modified_time\" content=\"2024-12-10T08:07:26+00:00\" \/>\n<meta property=\"og:image\" content=\"https:\/\/shop.blooms.de\/app\/uploads\/2022\/09\/PF-B-20154.jpg\" \/>\n\t<meta property=\"og:image:width\" content=\"1000\" \/>\n\t<meta property=\"og:image:height\" content=\"1232\" \/>\n\t<meta property=\"og:image:type\" content=\"image\/jpeg\" \/>\n<meta name=\"twitter:card\" content=\"summary_large_image\" \/>\n<meta name=\"twitter:label1\" content=\"Est. reading time\" \/>\n\t<meta name=\"twitter:data1\" content=\"1 minute\" \/>\n<script type=\"application\/ld+json\" class=\"yoast-schema-graph\">{\"@context\":\"https:\/\/schema.org\",\"@graph\":[{\"@type\":\"WebPage\",\"@id\":\"https:\/\/shop.blooms.de\/en\/product\/feste-und-gaste\/\",\"url\":\"https:\/\/shop.blooms.de\/en\/product\/feste-und-gaste\/\",\"name\":\"Feste und G\u00e4ste\",\"isPartOf\":{\"@id\":\"https:\/\/shop.blooms.de\/#website\"},\"primaryImageOfPage\":{\"@id\":\"https:\/\/shop.blooms.de\/en\/product\/feste-und-gaste\/#primaryimage\"},\"image\":{\"@id\":\"https:\/\/shop.blooms.de\/en\/product\/feste-und-gaste\/#primaryimage\"},\"thumbnailUrl\":\"https:\/\/shop.blooms.de\/app\/uploads\/2022\/09\/PF-B-20154.jpg\",\"datePublished\":\"2015-03-01T14:26:49+00:00\",\"dateModified\":\"2024-12-10T08:07:26+00:00\",\"breadcrumb\":{\"@id\":\"https:\/\/shop.blooms.de\/en\/product\/feste-und-gaste\/#breadcrumb\"},\"inLanguage\":\"en-US\",\"potentialAction\":[{\"@type\":\"ReadAction\",\"target\":[\"https:\/\/shop.blooms.de\/en\/product\/feste-und-gaste\/\"]}]},{\"@type\":\"ImageObject\",\"inLanguage\":\"en-US\",\"@id\":\"https:\/\/shop.blooms.de\/en\/product\/feste-und-gaste\/#primaryimage\",\"url\":\"https:\/\/shop.blooms.de\/app\/uploads\/2022\/09\/PF-B-20154.jpg\",\"contentUrl\":\"https:\/\/shop.blooms.de\/app\/uploads\/2022\/09\/PF-B-20154.jpg\",\"width\":1000,\"height\":1232,\"caption\":\"Feste und G\u00e4ste\"},{\"@type\":\"BreadcrumbList\",\"@id\":\"https:\/\/shop.blooms.de\/en\/product\/feste-und-gaste\/#breadcrumb\",\"itemListElement\":[{\"@type\":\"ListItem\",\"position\":1,\"name\":\"Home\",\"item\":\"https:\/\/shop.blooms.de\/en\/\"},{\"@type\":\"ListItem\",\"position\":2,\"name\":\"Shop\",\"item\":\"https:\/\/shop.blooms.de\/en\/shop\/\"},{\"@type\":\"ListItem\",\"position\":3,\"name\":\"Feste und G\u00e4ste\"}]},{\"@type\":\"WebSite\",\"@id\":\"https:\/\/shop.blooms.de\/#website\",\"url\":\"https:\/\/shop.blooms.de\/\",\"name\":\"BLOOM&#039;s Webshop\",\"description\":\"Just another WordPress site\",\"potentialAction\":[{\"@type\":\"SearchAction\",\"target\":{\"@type\":\"EntryPoint\",\"urlTemplate\":\"https:\/\/shop.blooms.de\/?s={search_term_string}\"},\"query-input\":{\"@type\":\"PropertyValueSpecification\",\"valueRequired\":true,\"valueName\":\"search_term_string\"}}],\"inLanguage\":\"en-US\"}]}<\/script>\n<!-- \/ Yoast SEO plugin. -->","yoast_head_json":{"title":"Feste und G\u00e4ste","robots":{"index":"index","follow":"follow","max-snippet":"max-snippet:-1","max-image-preview":"max-image-preview:large","max-video-preview":"max-video-preview:-1"},"canonical":"https:\/\/shop.blooms.de\/en\/product\/feste-und-gaste\/","og_locale":"en_US","og_type":"article","og_title":"Feste und G\u00e4ste","og_description":"Zu bestimmten Anl\u00e4ssen oder aber einfach zwischendurch: Es gibt immer einen Grund zum Feiern. In diesem Buch finden Sie Ideen f\u00fcr originelle und selbst gemachte Tischdekorationen und Accessoires f\u00fcr unterschiedliche Feste. Mit tollen Inspirationen und den besten Tischdekoideen aus dem Magazin BLOOM\u2019s DECO.","og_url":"https:\/\/shop.blooms.de\/en\/product\/feste-und-gaste\/","og_site_name":"BLOOM&#039;s Webshop","article_modified_time":"2024-12-10T08:07:26+00:00","og_image":[{"width":1000,"height":1232,"url":"https:\/\/shop.blooms.de\/app\/uploads\/2022\/09\/PF-B-20154.jpg","type":"image\/jpeg"}],"twitter_card":"summary_large_image","twitter_misc":{"Est. reading time":"1 minute"},"schema":{"@context":"https:\/\/schema.org","@graph":[{"@type":"WebPage","@id":"https:\/\/shop.blooms.de\/en\/product\/feste-und-gaste\/","url":"https:\/\/shop.blooms.de\/en\/product\/feste-und-gaste\/","name":"Feste und G\u00e4ste","isPartOf":{"@id":"https:\/\/shop.blooms.de\/#website"},"primaryImageOfPage":{"@id":"https:\/\/shop.blooms.de\/en\/product\/feste-und-gaste\/#primaryimage"},"image":{"@id":"https:\/\/shop.blooms.de\/en\/product\/feste-und-gaste\/#primaryimage"},"thumbnailUrl":"https:\/\/shop.blooms.de\/app\/uploads\/2022\/09\/PF-B-20154.jpg","datePublished":"2015-03-01T14:26:49+00:00","dateModified":"2024-12-10T08:07:26+00:00","breadcrumb":{"@id":"https:\/\/shop.blooms.de\/en\/product\/feste-und-gaste\/#breadcrumb"},"inLanguage":"en-US","potentialAction":[{"@type":"ReadAction","target":["https:\/\/shop.blooms.de\/en\/product\/feste-und-gaste\/"]}]},{"@type":"ImageObject","inLanguage":"en-US","@id":"https:\/\/shop.blooms.de\/en\/product\/feste-und-gaste\/#primaryimage","url":"https:\/\/shop.blooms.de\/app\/uploads\/2022\/09\/PF-B-20154.jpg","contentUrl":"https:\/\/shop.blooms.de\/app\/uploads\/2022\/09\/PF-B-20154.jpg","width":1000,"height":1232,"caption":"Feste und G\u00e4ste"},{"@type":"BreadcrumbList","@id":"https:\/\/shop.blooms.de\/en\/product\/feste-und-gaste\/#breadcrumb","itemListElement":[{"@type":"ListItem","position":1,"name":"Home","item":"https:\/\/shop.blooms.de\/en\/"},{"@type":"ListItem","position":2,"name":"Shop","item":"https:\/\/shop.blooms.de\/en\/shop\/"},{"@type":"ListItem","position":3,"name":"Feste und G\u00e4ste"}]},{"@type":"WebSite","@id":"https:\/\/shop.blooms.de\/#website","url":"https:\/\/shop.blooms.de\/","name":"BLOOM&#039;s Webshop","description":"Just another WordPress site","potentialAction":[{"@type":"SearchAction","target":{"@type":"EntryPoint","urlTemplate":"https:\/\/shop.blooms.de\/?s={search_term_string}"},"query-input":{"@type":"PropertyValueSpecification","valueRequired":true,"valueName":"search_term_string"}}],"inLanguage":"en-US"}]}},"_links":{"self":[{"href":"https:\/\/shop.blooms.de\/en\/wp-json\/wp\/v2\/product\/9761","targetHints":{"allow":["GET"]}}],"collection":[{"href":"https:\/\/shop.blooms.de\/en\/wp-json\/wp\/v2\/product"}],"about":[{"href":"https:\/\/shop.blooms.de\/en\/wp-json\/wp\/v2\/types\/product"}],"replies":[{"embeddable":true,"href":"https:\/\/shop.blooms.de\/en\/wp-json\/wp\/v2\/comments?post=9761"}],"wp:featuredmedia":[{"embeddable":true,"href":"https:\/\/shop.blooms.de\/en\/wp-json\/wp\/v2\/media\/10362"}],"wp:attachment":[{"href":"https:\/\/shop.blooms.de\/en\/wp-json\/wp\/v2\/media?parent=9761"}],"wp:term":[{"taxonomy":"product_brand","embeddable":true,"href":"https:\/\/shop.blooms.de\/en\/wp-json\/wp\/v2\/product_brand?post=9761"},{"taxonomy":"product_cat","embeddable":true,"href":"https:\/\/shop.blooms.de\/en\/wp-json\/wp\/v2\/product_cat?post=9761"},{"taxonomy":"product_tag","embeddable":true,"href":"https:\/\/shop.blooms.de\/en\/wp-json\/wp\/v2\/product_tag?post=9761"}],"curies":[{"name":"wp","href":"https:\/\/api.w.org\/{rel}","templated":true}]}}